{"id":8863,"date":"2020-04-17T19:57:17","date_gmt":"2020-04-17T17:57:17","guid":{"rendered":"https:\/\/www.ship2b.org\/informacion-adicional-rgpdue"},"modified":"2020-08-25T16:01:26","modified_gmt":"2020-08-25T14:01:26","slug":"informacion-adicional-rgpdue","status":"publish","type":"page","link":"https:\/\/www.ship2b.org\/ca\/informacion-adicional-rgpdue\/","title":{"rendered":"Informaci\u00f3n Adicional RGPDUE"},"content":{"rendered":"<section data-block_5eda50f10eb1c id=\"block_5eda50f10eb1c\" class=\"section-banner relative block b-banner alignfull pb-20 pt-20 md:pb-40 md:pt-40 bg-white bg-top bg-cover md:bg-center lg:bg-cover bg-no-repeat \"  style=\"background-image: url('https:\/\/www.ship2b.org\/wp-content\/uploads\/2020\/06\/Banner.jpg');\" >\n   \n  <div class=\"overlay-section-mobile  block md:hidden  absolute top-0 left-0 z-10 block w-full h-full bg-white opacity-50\"><\/div>\n    <div class=\"container relative z-20 block\">\n        <div class=\"banner-inner md:p-8 relative z-20 block\">\n      <h1 data-block_5eda50f10eb1c class=\"content-title  mx-auto max-w-3xl   pb-0 pt-0 md:pb-4 md:pt-0 m-0 font-bold text-3xl text-center md:text-4xl text-firefly\">Informaci\u00f3n Adicional RGPDUE<\/h2>\n      <style>\n      data-block_5eda50f10eb1c .content-title b {\n        font-weight: bold;\n        color: #3e4545\n      }\n    <\/style>\n                              <\/div>\n    <\/div>\n<\/section>\n\n<section data-block_5eda51cf0eb1f id=\"\" class=\"section-content relative block b-content alignfull pb-4 pt-12 md:pb-5 md:pt-16 bg-transparent\" >\n    <div class=\"container relative z-20 block\">\n        <h3 data-block_5eda51cf0eb1f class=\"content-subtitle  mx-auto  max-w-4xl pb-4 pt-0 md:pb-5 md:pt-0  m-0 font-medium text-base text-center text-base md:text-lg text-night_rider\">PROTECCI\u00d3N DE DATOS PERSONALES (Informaci\u00f3n adicional) Versi\u00f3n 1 05-2019<\/h3>\n      <style>\n      data-block_5eda51cf0eb1f .content-subtitle b {\n        font-weight: bold;\n        color: #333333;\n      }\n    <\/style>\n      <div class=\"content-text  mx-auto  max-w-4xl pb-0 pt-0 md:pb-0 md:pt-0 text-xs text-center md:text-sm text-night_rider\"><p><img decoding=\"async\" src=\"https:\/\/www.ship2b.org\/app\/uploads\/2020\/06\/Ship2b-informacionadicional.png\" alt=\"\" \/><\/p>\n<\/div>\n      <\/div>\n<\/section>","protected":false},"excerpt":{"rendered":"","protected":false},"author":7,"featured_media":0,"parent":0,"menu_order":0,"comment_status":"closed","ping_status":"closed","template":"","meta":{"_acf_changed":false,"inline_featured_image":false,"footnotes":"","_links_to":"","_links_to_target":""},"class_list":["post-8863","page","type-page","status-publish","hentry"],"acf":[],"yoast_head":"<title>Informaci\u00f3n Adicional RGPDUE - Ship2B Foundation<\/title>\n<meta name=\"robots\" content=\"index, follow, max-snippet:-1, max-image-preview:large, max-video-preview:-1\" \/>\n<link rel=\"canonical\" href=\"https:\/\/www.ship2b.org\/ca\/informacion-adicional-rgpdue\/\" \/>\n<meta property=\"og:locale\" content=\"ca_ES\" \/>\n<meta property=\"og:type\" content=\"article\" \/>\n<meta property=\"og:title\" content=\"Informaci\u00f3n Adicional RGPDUE - Ship2B Foundation\" \/>\n<meta property=\"og:url\" content=\"https:\/\/www.ship2b.org\/ca\/informacion-adicional-rgpdue\/\" \/>\n<meta property=\"og:site_name\" content=\"Ship2B Foundation\" \/>\n<meta property=\"article:modified_time\" content=\"2020-08-25T14:01:26+00:00\" \/>\n<meta name=\"twitter:card\" content=\"summary_large_image\" \/>\n<script type=\"application\/ld+json\" class=\"yoast-schema-graph\">{\"@context\":\"https:\/\/schema.org\",\"@graph\":[{\"@type\":\"WebPage\",\"@id\":\"https:\/\/www.ship2b.org\/ca\/informacion-adicional-rgpdue\/\",\"url\":\"https:\/\/www.ship2b.org\/ca\/informacion-adicional-rgpdue\/\",\"name\":\"Informaci\u00f3n Adicional RGPDUE - Ship2B Foundation\",\"isPartOf\":{\"@id\":\"https:\/\/www.ship2b.org\/#website\"},\"datePublished\":\"2020-04-17T17:57:17+00:00\",\"dateModified\":\"2020-08-25T14:01:26+00:00\",\"breadcrumb\":{\"@id\":\"https:\/\/www.ship2b.org\/ca\/informacion-adicional-rgpdue\/#breadcrumb\"},\"inLanguage\":\"ca\",\"potentialAction\":[{\"@type\":\"ReadAction\",\"target\":[\"https:\/\/www.ship2b.org\/ca\/informacion-adicional-rgpdue\/\"]}]},{\"@type\":\"BreadcrumbList\",\"@id\":\"https:\/\/www.ship2b.org\/ca\/informacion-adicional-rgpdue\/#breadcrumb\",\"itemListElement\":[{\"@type\":\"ListItem\",\"position\":1,\"name\":\"Portada\",\"item\":\"https:\/\/www.ship2b.org\/ca\/\"},{\"@type\":\"ListItem\",\"position\":2,\"name\":\"Informaci\u00f3n Adicional RGPDUE\"}]},{\"@type\":\"WebSite\",\"@id\":\"https:\/\/www.ship2b.org\/#website\",\"url\":\"https:\/\/www.ship2b.org\/\",\"name\":\"Ship2B Foundation\",\"description\":\"Adventurers for a better world\",\"potentialAction\":[{\"@type\":\"SearchAction\",\"target\":{\"@type\":\"EntryPoint\",\"urlTemplate\":\"https:\/\/www.ship2b.org\/?s={search_term_string}\"},\"query-input\":{\"@type\":\"PropertyValueSpecification\",\"valueRequired\":true,\"valueName\":\"search_term_string\"}}],\"inLanguage\":\"ca\"}]}<\/script>","yoast_head_json":{"title":"Informaci\u00f3n Adicional RGPDUE - Ship2B Foundation","robots":{"index":"index","follow":"follow","max-snippet":"max-snippet:-1","max-image-preview":"max-image-preview:large","max-video-preview":"max-video-preview:-1"},"canonical":"https:\/\/www.ship2b.org\/ca\/informacion-adicional-rgpdue\/","og_locale":"ca_ES","og_type":"article","og_title":"Informaci\u00f3n Adicional RGPDUE - Ship2B Foundation","og_url":"https:\/\/www.ship2b.org\/ca\/informacion-adicional-rgpdue\/","og_site_name":"Ship2B Foundation","article_modified_time":"2020-08-25T14:01:26+00:00","twitter_card":"summary_large_image","schema":{"@context":"https:\/\/schema.org","@graph":[{"@type":"WebPage","@id":"https:\/\/www.ship2b.org\/ca\/informacion-adicional-rgpdue\/","url":"https:\/\/www.ship2b.org\/ca\/informacion-adicional-rgpdue\/","name":"Informaci\u00f3n Adicional RGPDUE - Ship2B Foundation","isPartOf":{"@id":"https:\/\/www.ship2b.org\/#website"},"datePublished":"2020-04-17T17:57:17+00:00","dateModified":"2020-08-25T14:01:26+00:00","breadcrumb":{"@id":"https:\/\/www.ship2b.org\/ca\/informacion-adicional-rgpdue\/#breadcrumb"},"inLanguage":"ca","potentialAction":[{"@type":"ReadAction","target":["https:\/\/www.ship2b.org\/ca\/informacion-adicional-rgpdue\/"]}]},{"@type":"BreadcrumbList","@id":"https:\/\/www.ship2b.org\/ca\/informacion-adicional-rgpdue\/#breadcrumb","itemListElement":[{"@type":"ListItem","position":1,"name":"Portada","item":"https:\/\/www.ship2b.org\/ca\/"},{"@type":"ListItem","position":2,"name":"Informaci\u00f3n Adicional RGPDUE"}]},{"@type":"WebSite","@id":"https:\/\/www.ship2b.org\/#website","url":"https:\/\/www.ship2b.org\/","name":"Ship2B Foundation","description":"Adventurers for a better world","potentialAction":[{"@type":"SearchAction","target":{"@type":"EntryPoint","urlTemplate":"https:\/\/www.ship2b.org\/?s={search_term_string}"},"query-input":{"@type":"PropertyValueSpecification","valueRequired":true,"valueName":"search_term_string"}}],"inLanguage":"ca"}]}},"_links":{"self":[{"href":"https:\/\/www.ship2b.org\/ca\/wp-json\/wp\/v2\/pages\/8863","targetHints":{"allow":["GET"]}}],"collection":[{"href":"https:\/\/www.ship2b.org\/ca\/wp-json\/wp\/v2\/pages"}],"about":[{"href":"https:\/\/www.ship2b.org\/ca\/wp-json\/wp\/v2\/types\/page"}],"author":[{"embeddable":true,"href":"https:\/\/www.ship2b.org\/ca\/wp-json\/wp\/v2\/users\/7"}],"replies":[{"embeddable":true,"href":"https:\/\/www.ship2b.org\/ca\/wp-json\/wp\/v2\/comments?post=8863"}],"version-history":[{"count":3,"href":"https:\/\/www.ship2b.org\/ca\/wp-json\/wp\/v2\/pages\/8863\/revisions"}],"predecessor-version":[{"id":11403,"href":"https:\/\/www.ship2b.org\/ca\/wp-json\/wp\/v2\/pages\/8863\/revisions\/11403"}],"wp:attachment":[{"href":"https:\/\/www.ship2b.org\/ca\/wp-json\/wp\/v2\/media?parent=8863"}],"curies":[{"name":"wp","href":"https:\/\/api.w.org\/{rel}","templated":true}]}}