{"id":8877,"date":"2020-04-16T19:00:44","date_gmt":"2020-04-16T17:00:44","guid":{"rendered":"https:\/\/www.ship2b.org\/contacto-podemos-ayudar"},"modified":"2025-09-05T15:33:01","modified_gmt":"2025-09-05T13:33:01","slug":"contacto-podemos-ayudar","status":"publish","type":"page","link":"https:\/\/www.ship2b.org\/ca\/contacto-podemos-ayudar\/","title":{"rendered":"Contacte"},"content":{"rendered":"<section data-block_5eab9beb27400fa22f69aa3bc56ceaf8 id=\"block_5eab9beb27400fa22f69aa3bc56ceaf8\" class=\"section-banner relative block b-banner alignfull pb-24 pt-24 md:pb-32 md:pt-32 bg-transparent bg-top bg-cover md:bg-center lg:bg-cover bg-no-repeat \"  style=\"background-image: url('https:\/\/www.ship2b.org\/wp-content\/uploads\/2020\/09\/SLIDER_HOME-SHIP2B.jpg');\" >\n    <div class=\"container relative z-20 block\">\n        <div class=\"banner-inner md:p-8 relative z-20 block\">\n      <h1 data-block_5eab9beb27400fa22f69aa3bc56ceaf8 class=\"content-title  mx-auto max-w-3xl   pb-0 pt-0 md:pb-0 md:pt-0 m-0 font-bold text-xl text-center md:text-2xl text-night_rider\">Contacte<\/h2>\n      <style>\n      data-block_5eab9beb27400fa22f69aa3bc56ceaf8 .content-title b {\n        font-weight: bold;\n        color: #333333\n      }\n    <\/style>\n                              <\/div>\n    <\/div>\n<\/section>\n\n<section data-block_3a773251f6335f7ca6cce2342ca0dfd7 id=\"\" class=\"section-contact relative block z-0 md:bg-bondi_blue b-contact alignfull\">\n  <div class=\"overlay-contact-left md:block absolute top-0 left-0 z-10 hidden w-1\/2 h-full bg-white\"><\/div>\n  <div class=\"md:flex md:flex-row md:flex-wrap container relative z-20 block clearfix\">\n    <div class=\"md:w-2\/3 md:p-8 relative block float-left w-full p-4 bg-white\">\n            <h2 class=\"text-night_rider mb-4 text-2xl font-bold\">Et podem ajudar?<\/h2>\n                  <div class=\"contact-form\">\n      <p>Envia\u2019ns les teves dades en aquest formulari i ens posarem en contacte amb tu en breu.<\/p>\n\n\n      <\/div>\n          <\/div>\n    <div class=\"md:w-1\/3 bg-bondi_blue md:p-8 md:mb-0 relative block float-left w-full p-4 mb-4\">\n            <h2 class=\"mb-4 text-2xl font-bold text-white\">Informaci\u00f3 de Contacte<\/h2>\n                  <div class=\"contact-info text-base font-normal text-white\">\n      <p>C\/ Via Augusta, 9, Entl. 2\u00aa<br \/>\n08006 <strong>Barcelona<\/strong><\/p>\n<p>Uribitarte Kalea, 6<br \/>\n48001 <strong>Bilbao<\/strong><\/p>\n<p>C\/ Arturo Soria, 99<br \/>\n28043 <strong>Madrid<\/strong><\/p>\n<p>+34 93 5342122<br \/>\n<a href=\"mailto:ship2b@ship2b.org\">ship2b@ship2b.org<\/a><\/p>\n\n      <\/div>\n                              <ul class=\"social-list md:py-8 relative block float-left clear-both py-4 pl-0 m-0 text-white list-none\">\n                                                 <li class=\"social-list-element relative block float-left px-2\">\n                    <a class=\"hover:no-underline no-underline\" href=\"https:\/\/www.linkedin.com\/company\/ship2bfoundation\/\" title=\"\" target=\"_blank\">\n                                                                    <i class=\"text-xl icons-s2b icon-s2b-social_linkedin hover:no-underline\"><\/i>\n                                          <\/a>\n                  <\/li>\n                                                 <li class=\"social-list-element relative block float-left px-2\">\n                    <a class=\"hover:no-underline no-underline\" href=\"https:\/\/www.instagram.com\/ship2bfoundation\/\" title=\"\" target=\"_blank\">\n                                                                    <i class=\"text-xl icons-s2b icon-s2b-social_instagram hover:no-underline\"><\/i>\n                                          <\/a>\n                  <\/li>\n                                                 <li class=\"social-list-element relative block float-left px-2\">\n                    <a class=\"hover:no-underline no-underline\" href=\"https:\/\/www.youtube.com\/user\/FundacionShip2B\" title=\"\" target=\"_blank\">\n                                                                    <i class=\"text-xl icons-s2b icon-s2b-social_youtube hover:no-underline\"><\/i>\n                                          <\/a>\n                  <\/li>\n                        <\/ul>\n                  <\/div>\n  <\/div>\n<\/section>\n\n\n<p><\/p>\n","protected":false},"excerpt":{"rendered":"","protected":false},"author":7,"featured_media":0,"parent":0,"menu_order":0,"comment_status":"closed","ping_status":"closed","template":"","meta":{"_acf_changed":false,"inline_featured_image":false,"footnotes":"","_links_to":"","_links_to_target":""},"class_list":["post-8877","page","type-page","status-publish","hentry"],"acf":[],"yoast_head":"<title>Contacto - \u00bfTe podemos ayudar? Escr\u00edbenos | Ship2B Foundation<\/title>\n<meta name=\"description\" content=\"\u00bfQuieres conocer m\u00e1s sobre nuestros programas de aceleraci\u00f3n e inversi\u00f3n, nuestras propuestas de corporate venturing u otros proyectos? \u00a1Contacta ahora!\" \/>\n<meta name=\"robots\" content=\"index, follow, max-snippet:-1, max-image-preview:large, max-video-preview:-1\" \/>\n<link rel=\"canonical\" href=\"https:\/\/www.ship2b.org\/ca\/contacto-podemos-ayudar\/\" \/>\n<meta property=\"og:locale\" content=\"ca_ES\" \/>\n<meta property=\"og:type\" content=\"article\" \/>\n<meta property=\"og:title\" content=\"Contacto - \u00bfTe podemos ayudar? Escr\u00edbenos | Ship2B Foundation\" \/>\n<meta property=\"og:description\" content=\"\u00bfQuieres conocer m\u00e1s sobre nuestros programas de aceleraci\u00f3n e inversi\u00f3n, nuestras propuestas de corporate venturing u otros proyectos? \u00a1Contacta ahora!\" \/>\n<meta property=\"og:url\" content=\"https:\/\/www.ship2b.org\/ca\/contacto-podemos-ayudar\/\" \/>\n<meta property=\"og:site_name\" content=\"Ship2B Foundation\" \/>\n<meta property=\"article:modified_time\" content=\"2025-09-05T13:33:01+00:00\" \/>\n<meta name=\"twitter:card\" content=\"summary_large_image\" \/>\n<script type=\"application\/ld+json\" class=\"yoast-schema-graph\">{\"@context\":\"https:\/\/schema.org\",\"@graph\":[{\"@type\":\"WebPage\",\"@id\":\"https:\/\/www.ship2b.org\/ca\/contacto-podemos-ayudar\/\",\"url\":\"https:\/\/www.ship2b.org\/ca\/contacto-podemos-ayudar\/\",\"name\":\"Contacto - \u00bfTe podemos ayudar? Escr\u00edbenos | Ship2B Foundation\",\"isPartOf\":{\"@id\":\"https:\/\/www.ship2b.org\/#website\"},\"datePublished\":\"2020-04-16T17:00:44+00:00\",\"dateModified\":\"2025-09-05T13:33:01+00:00\",\"description\":\"\u00bfQuieres conocer m\u00e1s sobre nuestros programas de aceleraci\u00f3n e inversi\u00f3n, nuestras propuestas de corporate venturing u otros proyectos? \u00a1Contacta ahora!\",\"breadcrumb\":{\"@id\":\"https:\/\/www.ship2b.org\/ca\/contacto-podemos-ayudar\/#breadcrumb\"},\"inLanguage\":\"ca\",\"potentialAction\":[{\"@type\":\"ReadAction\",\"target\":[\"https:\/\/www.ship2b.org\/ca\/contacto-podemos-ayudar\/\"]}]},{\"@type\":\"BreadcrumbList\",\"@id\":\"https:\/\/www.ship2b.org\/ca\/contacto-podemos-ayudar\/#breadcrumb\",\"itemListElement\":[{\"@type\":\"ListItem\",\"position\":1,\"name\":\"Portada\",\"item\":\"https:\/\/www.ship2b.org\/ca\/\"},{\"@type\":\"ListItem\",\"position\":2,\"name\":\"Contacte\"}]},{\"@type\":\"WebSite\",\"@id\":\"https:\/\/www.ship2b.org\/#website\",\"url\":\"https:\/\/www.ship2b.org\/\",\"name\":\"Ship2B Foundation\",\"description\":\"Adventurers for a better world\",\"potentialAction\":[{\"@type\":\"SearchAction\",\"target\":{\"@type\":\"EntryPoint\",\"urlTemplate\":\"https:\/\/www.ship2b.org\/?s={search_term_string}\"},\"query-input\":{\"@type\":\"PropertyValueSpecification\",\"valueRequired\":true,\"valueName\":\"search_term_string\"}}],\"inLanguage\":\"ca\"}]}<\/script>","yoast_head_json":{"title":"Contacto - \u00bfTe podemos ayudar? Escr\u00edbenos | Ship2B Foundation","description":"\u00bfQuieres conocer m\u00e1s sobre nuestros programas de aceleraci\u00f3n e inversi\u00f3n, nuestras propuestas de corporate venturing u otros proyectos? \u00a1Contacta ahora!","robots":{"index":"index","follow":"follow","max-snippet":"max-snippet:-1","max-image-preview":"max-image-preview:large","max-video-preview":"max-video-preview:-1"},"canonical":"https:\/\/www.ship2b.org\/ca\/contacto-podemos-ayudar\/","og_locale":"ca_ES","og_type":"article","og_title":"Contacto - \u00bfTe podemos ayudar? Escr\u00edbenos | Ship2B Foundation","og_description":"\u00bfQuieres conocer m\u00e1s sobre nuestros programas de aceleraci\u00f3n e inversi\u00f3n, nuestras propuestas de corporate venturing u otros proyectos? \u00a1Contacta ahora!","og_url":"https:\/\/www.ship2b.org\/ca\/contacto-podemos-ayudar\/","og_site_name":"Ship2B Foundation","article_modified_time":"2025-09-05T13:33:01+00:00","twitter_card":"summary_large_image","schema":{"@context":"https:\/\/schema.org","@graph":[{"@type":"WebPage","@id":"https:\/\/www.ship2b.org\/ca\/contacto-podemos-ayudar\/","url":"https:\/\/www.ship2b.org\/ca\/contacto-podemos-ayudar\/","name":"Contacto - \u00bfTe podemos ayudar? Escr\u00edbenos | Ship2B Foundation","isPartOf":{"@id":"https:\/\/www.ship2b.org\/#website"},"datePublished":"2020-04-16T17:00:44+00:00","dateModified":"2025-09-05T13:33:01+00:00","description":"\u00bfQuieres conocer m\u00e1s sobre nuestros programas de aceleraci\u00f3n e inversi\u00f3n, nuestras propuestas de corporate venturing u otros proyectos? \u00a1Contacta ahora!","breadcrumb":{"@id":"https:\/\/www.ship2b.org\/ca\/contacto-podemos-ayudar\/#breadcrumb"},"inLanguage":"ca","potentialAction":[{"@type":"ReadAction","target":["https:\/\/www.ship2b.org\/ca\/contacto-podemos-ayudar\/"]}]},{"@type":"BreadcrumbList","@id":"https:\/\/www.ship2b.org\/ca\/contacto-podemos-ayudar\/#breadcrumb","itemListElement":[{"@type":"ListItem","position":1,"name":"Portada","item":"https:\/\/www.ship2b.org\/ca\/"},{"@type":"ListItem","position":2,"name":"Contacte"}]},{"@type":"WebSite","@id":"https:\/\/www.ship2b.org\/#website","url":"https:\/\/www.ship2b.org\/","name":"Ship2B Foundation","description":"Adventurers for a better world","potentialAction":[{"@type":"SearchAction","target":{"@type":"EntryPoint","urlTemplate":"https:\/\/www.ship2b.org\/?s={search_term_string}"},"query-input":{"@type":"PropertyValueSpecification","valueRequired":true,"valueName":"search_term_string"}}],"inLanguage":"ca"}]}},"_links":{"self":[{"href":"https:\/\/www.ship2b.org\/ca\/wp-json\/wp\/v2\/pages\/8877","targetHints":{"allow":["GET"]}}],"collection":[{"href":"https:\/\/www.ship2b.org\/ca\/wp-json\/wp\/v2\/pages"}],"about":[{"href":"https:\/\/www.ship2b.org\/ca\/wp-json\/wp\/v2\/types\/page"}],"author":[{"embeddable":true,"href":"https:\/\/www.ship2b.org\/ca\/wp-json\/wp\/v2\/users\/7"}],"replies":[{"embeddable":true,"href":"https:\/\/www.ship2b.org\/ca\/wp-json\/wp\/v2\/comments?post=8877"}],"version-history":[{"count":18,"href":"https:\/\/www.ship2b.org\/ca\/wp-json\/wp\/v2\/pages\/8877\/revisions"}],"predecessor-version":[{"id":23366,"href":"https:\/\/www.ship2b.org\/ca\/wp-json\/wp\/v2\/pages\/8877\/revisions\/23366"}],"wp:attachment":[{"href":"https:\/\/www.ship2b.org\/ca\/wp-json\/wp\/v2\/media?parent=8877"}],"curies":[{"name":"wp","href":"https:\/\/api.w.org\/{rel}","templated":true}]}}